{"id":82,"date":"2025-12-30T22:55:42","date_gmt":"2025-12-30T22:55:42","guid":{"rendered":"https:\/\/alexmalapeira.cat\/elementor-7\/"},"modified":"2026-02-27T12:59:46","modified_gmt":"2026-02-27T12:59:46","slug":"elementor-7","status":"publish","type":"page","link":"https:\/\/alexmalapeira.cat\/es\/","title":{"rendered":"Inicio"},"content":{"rendered":"\t\t<div data-elementor-type=\"wp-post\" data-elementor-id=\"82\" class=\"elementor elementor-82 elementor-7\" data-elementor-post-type=\"page\">\n\t\t\t\t<div class=\"elementor-element elementor-element-045c26c e-flex e-con-boxed e-con e-parent\" data-id=\"045c26c\" data-element_type=\"container\" data-e-type=\"container\">\n\t\t\t\t\t<div class=\"e-con-inner\">\n\t\t\t\t<div class=\"elementor-element elementor-element-f655e7f elementor-hidden-mobile elementor-widget elementor-widget-spacer\" data-id=\"f655e7f\" data-element_type=\"widget\" data-e-type=\"widget\" data-widget_type=\"spacer.default\">\n\t\t\t\t\t\t\t<div class=\"elementor-spacer\">\n\t\t\t<div class=\"elementor-spacer-inner\"><\/div>\n\t\t<\/div>\n\t\t\t\t\t\t<\/div>\n\t\t\t\t\t<\/div>\n\t\t\t\t<\/div>\n\t\t<div class=\"elementor-element elementor-element-9ff81b4 e-con-full e-flex e-con e-parent\" data-id=\"9ff81b4\" data-element_type=\"container\" data-e-type=\"container\" data-settings=\"{&quot;background_background&quot;:&quot;classic&quot;}\" role=\"main\">\n\t\t\t\t<div class=\"elementor-element elementor-element-65ffcf3 elementor-widget elementor-widget-text-editor\" data-id=\"65ffcf3\" data-element_type=\"widget\" data-e-type=\"widget\" data-widget_type=\"text-editor.default\">\n\t\t\t\t\t\t\t\t\t<p class=\"p1\">Somos un estudio de arquitectura en Barcelona, fundado en 2020. Proyectamos espacios con identidad propia y con el objetivo de favorecer la interacci\u00f3n entre personas y colectivos. En un contexto cultural y natural donde el entorno parece cada d\u00eda m\u00e1s homog\u00e9neo, entendemos el proyecto como una oportunidad para encontrar otra manera, basada en la adopci\u00f3n de t\u00e9cnicas constructivas de bajo impacto ambiental, en nuevas configuraciones espaciales de convivencia y en la resignificaci\u00f3n del entorno habitado. Nuestras intervenciones son inmersivas y ecl\u00e9cticas: ponen el foco en la experiencia directa del espacio y en la materialidad, con una orientaci\u00f3n sensorial-hedonista y una actitud optimista ante los retos del presente: la emergencia clim\u00e1tica y social.<\/p>\t\t\t\t\t\t\t\t<\/div>\n\t\t\t\t<\/div>\n\t\t<div class=\"elementor-element elementor-element-1f22cba e-flex e-con-boxed e-con e-parent\" data-id=\"1f22cba\" data-element_type=\"container\" data-e-type=\"container\">\n\t\t\t\t\t<div class=\"e-con-inner\">\n\t\t\t\t<div class=\"elementor-element elementor-element-8eebd92 elementor-widget elementor-widget-spacer\" data-id=\"8eebd92\" data-element_type=\"widget\" data-e-type=\"widget\" data-widget_type=\"spacer.default\">\n\t\t\t\t\t\t\t<div class=\"elementor-spacer\">\n\t\t\t<div class=\"elementor-spacer-inner\"><\/div>\n\t\t<\/div>\n\t\t\t\t\t\t<\/div>\n\t\t\t\t\t<\/div>\n\t\t\t\t<\/div>\n\t\t<div class=\"elementor-element elementor-element-2081dbd e-con-full e-flex e-con e-parent\" data-id=\"2081dbd\" data-element_type=\"container\" data-e-type=\"container\" data-settings=\"{&quot;background_background&quot;:&quot;gradient&quot;}\">\n\t\t\t\t<div class=\"elementor-element elementor-element-f378bba elementor-widget elementor-widget-heading\" data-id=\"f378bba\" data-element_type=\"widget\" data-e-type=\"widget\" data-widget_type=\"heading.default\">\n\t\t\t\t\t<h2 class=\"elementor-heading-title elementor-size-default\">Contacto<\/h2>\t\t\t\t<\/div>\n\t\t\t\t<\/div>\n\t\t<div class=\"elementor-element elementor-element-36c2b82 e-flex e-con-boxed e-con e-parent\" data-id=\"36c2b82\" data-element_type=\"container\" data-e-type=\"container\">\n\t\t\t\t\t<div class=\"e-con-inner\">\n\t\t\t\t<div class=\"elementor-element elementor-element-8a0e4a7 elementor-widget elementor-widget-spacer\" data-id=\"8a0e4a7\" data-element_type=\"widget\" data-e-type=\"widget\" data-widget_type=\"spacer.default\">\n\t\t\t\t\t\t\t<div class=\"elementor-spacer\">\n\t\t\t<div class=\"elementor-spacer-inner\"><\/div>\n\t\t<\/div>\n\t\t\t\t\t\t<\/div>\n\t\t\t\t\t<\/div>\n\t\t\t\t<\/div>\n\t\t<div class=\"elementor-element elementor-element-9046a3b e-flex e-con-boxed e-con e-parent\" data-id=\"9046a3b\" data-element_type=\"container\" data-e-type=\"container\">\n\t\t\t\t\t<div class=\"e-con-inner\">\n\t\t<div class=\"elementor-element elementor-element-343c2d0 e-con-full e-flex e-con e-child\" data-id=\"343c2d0\" data-element_type=\"container\" data-e-type=\"container\">\n\t\t\t\t<div class=\"elementor-element elementor-element-21cf996 elementor-widget elementor-widget-text-editor\" data-id=\"21cf996\" data-element_type=\"widget\" data-e-type=\"widget\" data-widget_type=\"text-editor.default\">\n\t\t\t\t\t\t\t\t\t<p><a href=\"mailto:info@alexmalapeira.cat\">info@alexmalapeira.cat<\/a><\/p><p><a href=\"tel:+34656391922\">T &#8211; 656391922<\/a><\/p><p class=\"p2\">C\/Bail\u00e9n 197, 08037 Barcelona<\/p>\t\t\t\t\t\t\t\t<\/div>\n\t\t\t\t<\/div>\n\t\t<div class=\"elementor-element elementor-element-b0e0e02 e-con-full e-flex e-con e-child\" data-id=\"b0e0e02\" data-element_type=\"container\" data-e-type=\"container\">\n\t\t\t\t<div class=\"elementor-element elementor-element-91d83d4 elementor-widget elementor-widget-google_maps\" data-id=\"91d83d4\" data-element_type=\"widget\" data-e-type=\"widget\" data-widget_type=\"google_maps.default\">\n\t\t\t\t\t\t\t<div class=\"elementor-custom-embed\">\n\t\t\t<iframe loading=\"lazy\"\n\t\t\t\t\tsrc=\"https:\/\/maps.google.com\/maps?q=C%2FBailen%20197%20%2008037%20Barcelona&#038;t=m&#038;z=16&#038;output=embed&#038;iwloc=near\"\n\t\t\t\t\ttitle=\"C\/Bailen 197  08037 Barcelona\"\n\t\t\t\t\taria-label=\"C\/Bailen 197  08037 Barcelona\"\n\t\t\t><\/iframe>\n\t\t<\/div>\n\t\t\t\t\t\t<\/div>\n\t\t\t\t<\/div>\n\t\t\t\t\t<\/div>\n\t\t\t\t<\/div>\n\t\t<div class=\"elementor-element elementor-element-f92e580 e-flex e-con-boxed e-con e-parent\" data-id=\"f92e580\" data-element_type=\"container\" data-e-type=\"container\">\n\t\t\t\t\t<div class=\"e-con-inner\">\n\t\t\t\t<div class=\"elementor-element elementor-element-0451d41 elementor-widget elementor-widget-spacer\" data-id=\"0451d41\" data-element_type=\"widget\" data-e-type=\"widget\" data-widget_type=\"spacer.default\">\n\t\t\t\t\t\t\t<div class=\"elementor-spacer\">\n\t\t\t<div class=\"elementor-spacer-inner\"><\/div>\n\t\t<\/div>\n\t\t\t\t\t\t<\/div>\n\t\t\t\t\t<\/div>\n\t\t\t\t<\/div>\n\t\t\t\t<\/div>\n\t\t","protected":false},"excerpt":{"rendered":"<p>Somos un estudio de arquitectura en Barcelona, fundado en 2020. Proyectamos espacios con identidad propia y con el objetivo de favorecer la interacci\u00f3n entre personas y colectivos. En un contexto cultural y natural donde el entorno parece cada d\u00eda m\u00e1s homog\u00e9neo, entendemos el proyecto como una oportunidad para encontrar otra manera, basada en la adopci\u00f3n [&hellip;]<\/p>\n","protected":false},"author":3,"featured_media":0,"parent":0,"menu_order":0,"comment_status":"closed","ping_status":"closed","template":"elementor_header_footer","meta":{"footnotes":""},"class_list":["post-82","page","type-page","status-publish","hentry","entry"],"_hostinger_reach_plugin_has_subscription_block":false,"_hostinger_reach_plugin_is_elementor":false,"_links":{"self":[{"href":"https:\/\/alexmalapeira.cat\/es\/wp-json\/wp\/v2\/pages\/82","targetHints":{"allow":["GET"]}}],"collection":[{"href":"https:\/\/alexmalapeira.cat\/es\/wp-json\/wp\/v2\/pages"}],"about":[{"href":"https:\/\/alexmalapeira.cat\/es\/wp-json\/wp\/v2\/types\/page"}],"author":[{"embeddable":true,"href":"https:\/\/alexmalapeira.cat\/es\/wp-json\/wp\/v2\/users\/3"}],"replies":[{"embeddable":true,"href":"https:\/\/alexmalapeira.cat\/es\/wp-json\/wp\/v2\/comments?post=82"}],"version-history":[{"count":4,"href":"https:\/\/alexmalapeira.cat\/es\/wp-json\/wp\/v2\/pages\/82\/revisions"}],"predecessor-version":[{"id":142,"href":"https:\/\/alexmalapeira.cat\/es\/wp-json\/wp\/v2\/pages\/82\/revisions\/142"}],"wp:attachment":[{"href":"https:\/\/alexmalapeira.cat\/es\/wp-json\/wp\/v2\/media?parent=82"}],"curies":[{"name":"wp","href":"https:\/\/api.w.org\/{rel}","templated":true}]}}