{"id":94,"date":"2025-12-30T23:03:31","date_gmt":"2025-12-30T23:03:31","guid":{"rendered":"https:\/\/alexmalapeira.cat\/proyectos\/"},"modified":"2026-02-27T12:24:28","modified_gmt":"2026-02-27T12:24:28","slug":"proyectos","status":"publish","type":"page","link":"https:\/\/alexmalapeira.cat\/es\/proyectos\/","title":{"rendered":"Proyectos"},"content":{"rendered":"\t\t<div data-elementor-type=\"wp-page\" data-elementor-id=\"94\" class=\"elementor elementor-94 elementor-18\" data-elementor-post-type=\"page\">\n\t\t\t\t<div class=\"elementor-element elementor-element-b2ab1d5 e-con-full e-flex e-con e-parent\" data-id=\"b2ab1d5\" data-element_type=\"container\" data-e-type=\"container\">\n\t\t<div class=\"elementor-element elementor-element-5db2d3b e-con-full e-flex e-con e-child\" data-id=\"5db2d3b\" data-element_type=\"container\" data-e-type=\"container\">\n\t\t\t\t<div class=\"elementor-element elementor-element-231f30a elementor-widget elementor-widget-image\" data-id=\"231f30a\" data-element_type=\"widget\" data-e-type=\"widget\" data-widget_type=\"image.default\">\n\t\t\t\t\t\t\t\t\t\t\t\t\t\t\t<img fetchpriority=\"high\" decoding=\"async\" width=\"1024\" height=\"557\" src=\"https:\/\/alexmalapeira.cat\/wp-content\/uploads\/2025\/12\/251230_3d_vista-1024x557.jpg\" class=\"attachment-large size-large wp-image-91\" alt=\"3d_vista\" srcset=\"https:\/\/alexmalapeira.cat\/wp-content\/uploads\/2025\/12\/251230_3d_vista-1024x557.jpg 1024w, https:\/\/alexmalapeira.cat\/wp-content\/uploads\/2025\/12\/251230_3d_vista-300x163.jpg 300w, https:\/\/alexmalapeira.cat\/wp-content\/uploads\/2025\/12\/251230_3d_vista-768x418.jpg 768w, https:\/\/alexmalapeira.cat\/wp-content\/uploads\/2025\/12\/251230_3d_vista-1536x835.jpg 1536w, https:\/\/alexmalapeira.cat\/wp-content\/uploads\/2025\/12\/251230_3d_vista-2048x1114.jpg 2048w\" sizes=\"(max-width: 1024px) 100vw, 1024px\" \/>\t\t\t\t\t\t\t\t\t\t\t\t\t\t\t<\/div>\n\t\t\t\t<div class=\"elementor-element elementor-element-ef1ef41 elementor-widget elementor-widget-text-editor\" data-id=\"ef1ef41\" data-element_type=\"widget\" data-e-type=\"widget\" data-widget_type=\"text-editor.default\">\n\t\t\t\t\t\t\t\t\t<p class=\"p1\">2022 &#8211; Casa en La Floresta, Sant Cugat del Vall\u00e8s, Barcelona.<\/p>\t\t\t\t\t\t\t\t<\/div>\n\t\t\t\t<div class=\"elementor-element elementor-element-1aa302a elementor-widget elementor-widget-image\" data-id=\"1aa302a\" data-element_type=\"widget\" data-e-type=\"widget\" data-widget_type=\"image.default\">\n\t\t\t\t\t\t\t\t\t\t\t\t\t\t\t<img decoding=\"async\" width=\"1024\" height=\"1024\" src=\"https:\/\/alexmalapeira.cat\/wp-content\/uploads\/2025\/12\/001_Axo_4_c-1024x1024.jpg\" class=\"attachment-large size-large wp-image-89\" alt=\"Propuesta render\" srcset=\"https:\/\/alexmalapeira.cat\/wp-content\/uploads\/2025\/12\/001_Axo_4_c-1024x1024.jpg 1024w, https:\/\/alexmalapeira.cat\/wp-content\/uploads\/2025\/12\/001_Axo_4_c-300x300.jpg 300w, https:\/\/alexmalapeira.cat\/wp-content\/uploads\/2025\/12\/001_Axo_4_c-150x150.jpg 150w, https:\/\/alexmalapeira.cat\/wp-content\/uploads\/2025\/12\/001_Axo_4_c-768x768.jpg 768w, https:\/\/alexmalapeira.cat\/wp-content\/uploads\/2025\/12\/001_Axo_4_c-1536x1536.jpg 1536w, https:\/\/alexmalapeira.cat\/wp-content\/uploads\/2025\/12\/001_Axo_4_c-600x600.jpg 600w, https:\/\/alexmalapeira.cat\/wp-content\/uploads\/2025\/12\/001_Axo_4_c.jpg 1600w\" sizes=\"(max-width: 1024px) 100vw, 1024px\" \/>\t\t\t\t\t\t\t\t\t\t\t\t\t\t\t<\/div>\n\t\t\t\t<div class=\"elementor-element elementor-element-3f64158 elementor-widget elementor-widget-text-editor\" data-id=\"3f64158\" data-element_type=\"widget\" data-e-type=\"widget\" data-widget_type=\"text-editor.default\">\n\t\t\t\t\t\t\t\t\t<p class=\"p1\">2023 &#8211; Reforma de un apartamento en la C\/Arag\u00f3, Barcelona.<\/p>\t\t\t\t\t\t\t\t<\/div>\n\t\t\t\t<div class=\"elementor-element elementor-element-3602f9c elementor-widget elementor-widget-image\" data-id=\"3602f9c\" data-element_type=\"widget\" data-e-type=\"widget\" data-widget_type=\"image.default\">\n\t\t\t\t\t\t\t\t\t\t\t\t\t\t\t<img decoding=\"async\" width=\"1024\" height=\"831\" src=\"https:\/\/alexmalapeira.cat\/wp-content\/uploads\/2025\/12\/1_Vista-2_04_raff_3_c-1024x831.jpg\" class=\"attachment-large size-large wp-image-87\" alt=\"Vista-Comedor\" srcset=\"https:\/\/alexmalapeira.cat\/wp-content\/uploads\/2025\/12\/1_Vista-2_04_raff_3_c-1024x831.jpg 1024w, https:\/\/alexmalapeira.cat\/wp-content\/uploads\/2025\/12\/1_Vista-2_04_raff_3_c-300x243.jpg 300w, https:\/\/alexmalapeira.cat\/wp-content\/uploads\/2025\/12\/1_Vista-2_04_raff_3_c-768x623.jpg 768w, https:\/\/alexmalapeira.cat\/wp-content\/uploads\/2025\/12\/1_Vista-2_04_raff_3_c-1536x1246.jpg 1536w, https:\/\/alexmalapeira.cat\/wp-content\/uploads\/2025\/12\/1_Vista-2_04_raff_3_c.jpg 1600w\" sizes=\"(max-width: 1024px) 100vw, 1024px\" \/>\t\t\t\t\t\t\t\t\t\t\t\t\t\t\t<\/div>\n\t\t\t\t<div class=\"elementor-element elementor-element-829e034 elementor-widget elementor-widget-text-editor\" data-id=\"829e034\" data-element_type=\"widget\" data-e-type=\"widget\" data-widget_type=\"text-editor.default\">\n\t\t\t\t\t\t\t\t\t<p class=\"p1\">2022 &#8211; Proyecto. Edificio de apartamentos en R\u00e1fales, Teruel.<\/p>\t\t\t\t\t\t\t\t<\/div>\n\t\t\t\t<div class=\"elementor-element elementor-element-61dad9f elementor-widget elementor-widget-image\" data-id=\"61dad9f\" data-element_type=\"widget\" data-e-type=\"widget\" data-widget_type=\"image.default\">\n\t\t\t\t\t\t\t\t\t\t\t\t\t\t\t<img loading=\"lazy\" decoding=\"async\" width=\"738\" height=\"1024\" src=\"https:\/\/alexmalapeira.cat\/wp-content\/uploads\/2025\/12\/02_MAGOC-738x1024.jpg\" class=\"attachment-large size-large wp-image-85\" alt=\"Proyecto Creatividad puerta\" srcset=\"https:\/\/alexmalapeira.cat\/wp-content\/uploads\/2025\/12\/02_MAGOC-738x1024.jpg 738w, https:\/\/alexmalapeira.cat\/wp-content\/uploads\/2025\/12\/02_MAGOC-216x300.jpg 216w, https:\/\/alexmalapeira.cat\/wp-content\/uploads\/2025\/12\/02_MAGOC-768x1066.jpg 768w, https:\/\/alexmalapeira.cat\/wp-content\/uploads\/2025\/12\/02_MAGOC-1107x1536.jpg 1107w, https:\/\/alexmalapeira.cat\/wp-content\/uploads\/2025\/12\/02_MAGOC-1475x2048.jpg 1475w, https:\/\/alexmalapeira.cat\/wp-content\/uploads\/2025\/12\/02_MAGOC.jpg 1600w\" sizes=\"(max-width: 738px) 100vw, 738px\" \/>\t\t\t\t\t\t\t\t\t\t\t\t\t\t\t<\/div>\n\t\t\t\t<div class=\"elementor-element elementor-element-be90019 elementor-widget elementor-widget-text-editor\" data-id=\"be90019\" data-element_type=\"widget\" data-e-type=\"widget\" data-widget_type=\"text-editor.default\">\n\t\t\t\t\t\t\t\t\t<p class=\"p1\">2021 &#8211; Reforma de un apartamento en Sant Cugat del Vall\u00e8s, Barcelona.<\/p>\t\t\t\t\t\t\t\t<\/div>\n\t\t\t\t<\/div>\n\t\t<div class=\"elementor-element elementor-element-fa581e8 e-con-full e-flex e-con e-child\" data-id=\"fa581e8\" data-element_type=\"container\" data-e-type=\"container\">\n\t\t\t\t<div class=\"elementor-element elementor-element-5c56750 elementor-widget elementor-widget-image\" data-id=\"5c56750\" data-element_type=\"widget\" data-e-type=\"widget\" data-widget_type=\"image.default\">\n\t\t\t\t\t\t\t\t\t\t\t\t\t\t\t<img loading=\"lazy\" decoding=\"async\" width=\"1024\" height=\"1024\" src=\"https:\/\/alexmalapeira.cat\/wp-content\/uploads\/2025\/12\/01_Vista-Sala_com-1024x1024.jpg\" class=\"attachment-large size-large wp-image-90\" alt=\"Vista-Sala\" srcset=\"https:\/\/alexmalapeira.cat\/wp-content\/uploads\/2025\/12\/01_Vista-Sala_com-1024x1024.jpg 1024w, https:\/\/alexmalapeira.cat\/wp-content\/uploads\/2025\/12\/01_Vista-Sala_com-300x300.jpg 300w, https:\/\/alexmalapeira.cat\/wp-content\/uploads\/2025\/12\/01_Vista-Sala_com-150x150.jpg 150w, https:\/\/alexmalapeira.cat\/wp-content\/uploads\/2025\/12\/01_Vista-Sala_com-768x768.jpg 768w, https:\/\/alexmalapeira.cat\/wp-content\/uploads\/2025\/12\/01_Vista-Sala_com-1536x1536.jpg 1536w, https:\/\/alexmalapeira.cat\/wp-content\/uploads\/2025\/12\/01_Vista-Sala_com-600x600.jpg 600w, https:\/\/alexmalapeira.cat\/wp-content\/uploads\/2025\/12\/01_Vista-Sala_com.jpg 1600w\" sizes=\"(max-width: 1024px) 100vw, 1024px\" \/>\t\t\t\t\t\t\t\t\t\t\t\t\t\t\t<\/div>\n\t\t\t\t<div class=\"elementor-element elementor-element-d89a10f elementor-widget elementor-widget-text-editor\" data-id=\"d89a10f\" data-element_type=\"widget\" data-e-type=\"widget\" data-widget_type=\"text-editor.default\">\n\t\t\t\t\t\t\t\t\t<p class=\"p1\">2024 &#8211; Reforma de una vivienda en Sant Andreu, Barcelona.<\/p>\t\t\t\t\t\t\t\t<\/div>\n\t\t\t\t<div class=\"elementor-element elementor-element-19a4165 elementor-widget elementor-widget-image\" data-id=\"19a4165\" data-element_type=\"widget\" data-e-type=\"widget\" data-widget_type=\"image.default\">\n\t\t\t\t\t\t\t\t\t\t\t\t\t\t\t<img loading=\"lazy\" decoding=\"async\" width=\"1024\" height=\"1024\" src=\"https:\/\/alexmalapeira.cat\/wp-content\/uploads\/2025\/12\/1_01_axo-45_3-copia_4-1024x1024.jpg\" class=\"attachment-large size-large wp-image-88\" alt=\"Layout2\" srcset=\"https:\/\/alexmalapeira.cat\/wp-content\/uploads\/2025\/12\/1_01_axo-45_3-copia_4-1024x1024.jpg 1024w, https:\/\/alexmalapeira.cat\/wp-content\/uploads\/2025\/12\/1_01_axo-45_3-copia_4-300x300.jpg 300w, https:\/\/alexmalapeira.cat\/wp-content\/uploads\/2025\/12\/1_01_axo-45_3-copia_4-150x150.jpg 150w, https:\/\/alexmalapeira.cat\/wp-content\/uploads\/2025\/12\/1_01_axo-45_3-copia_4-768x768.jpg 768w, https:\/\/alexmalapeira.cat\/wp-content\/uploads\/2025\/12\/1_01_axo-45_3-copia_4-1536x1536.jpg 1536w, https:\/\/alexmalapeira.cat\/wp-content\/uploads\/2025\/12\/1_01_axo-45_3-copia_4-600x600.jpg 600w, https:\/\/alexmalapeira.cat\/wp-content\/uploads\/2025\/12\/1_01_axo-45_3-copia_4.jpg 1703w\" sizes=\"(max-width: 1024px) 100vw, 1024px\" \/>\t\t\t\t\t\t\t\t\t\t\t\t\t\t\t<\/div>\n\t\t\t\t<div class=\"elementor-element elementor-element-7cab8ca elementor-widget elementor-widget-text-editor\" data-id=\"7cab8ca\" data-element_type=\"widget\" data-e-type=\"widget\" data-widget_type=\"text-editor.default\">\n\t\t\t\t\t\t\t\t\t<p class=\"p1\">2023 &#8211; Proyecto de casa de campo en Santander, Colombia.<\/p>\t\t\t\t\t\t\t\t<\/div>\n\t\t\t\t<div class=\"elementor-element elementor-element-e152ecb elementor-widget elementor-widget-image\" data-id=\"e152ecb\" data-element_type=\"widget\" data-e-type=\"widget\" data-widget_type=\"image.default\">\n\t\t\t\t\t\t\t\t\t\t\t\t\t\t\t<img loading=\"lazy\" decoding=\"async\" width=\"1024\" height=\"724\" src=\"https:\/\/alexmalapeira.cat\/wp-content\/uploads\/2025\/12\/220322_idea-distribucion-Layout1-42C-1024x724.jpg\" class=\"attachment-large size-large wp-image-86\" alt=\"idea-distribucio\u0301n-Layout\" srcset=\"https:\/\/alexmalapeira.cat\/wp-content\/uploads\/2025\/12\/220322_idea-distribucion-Layout1-42C-1024x724.jpg 1024w, https:\/\/alexmalapeira.cat\/wp-content\/uploads\/2025\/12\/220322_idea-distribucion-Layout1-42C-300x212.jpg 300w, https:\/\/alexmalapeira.cat\/wp-content\/uploads\/2025\/12\/220322_idea-distribucion-Layout1-42C-768x543.jpg 768w, https:\/\/alexmalapeira.cat\/wp-content\/uploads\/2025\/12\/220322_idea-distribucion-Layout1-42C-1536x1086.jpg 1536w, https:\/\/alexmalapeira.cat\/wp-content\/uploads\/2025\/12\/220322_idea-distribucion-Layout1-42C.jpg 1600w\" sizes=\"(max-width: 1024px) 100vw, 1024px\" \/>\t\t\t\t\t\t\t\t\t\t\t\t\t\t\t<\/div>\n\t\t\t\t<div class=\"elementor-element elementor-element-091e07d elementor-widget elementor-widget-text-editor\" data-id=\"091e07d\" data-element_type=\"widget\" data-e-type=\"widget\" data-widget_type=\"text-editor.default\">\n\t\t\t\t\t\t\t\t\t<p class=\"p1\">2022 &#8211; Proyecto de rehabilitaci\u00f3n de una casa en R\u00e1fales, Teruel.<\/p>\t\t\t\t\t\t\t\t<\/div>\n\t\t\t\t<div class=\"elementor-element elementor-element-e627c43 elementor-widget elementor-widget-image\" data-id=\"e627c43\" data-element_type=\"widget\" data-e-type=\"widget\" data-widget_type=\"image.default\">\n\t\t\t\t\t\t\t\t\t\t\t\t\t\t\t<img loading=\"lazy\" decoding=\"async\" width=\"768\" height=\"1024\" src=\"https:\/\/alexmalapeira.cat\/wp-content\/uploads\/2025\/12\/IMG_8100-C-768x1024.jpg\" class=\"attachment-large size-large wp-image-84\" alt=\"Proyecto Oficina\" srcset=\"https:\/\/alexmalapeira.cat\/wp-content\/uploads\/2025\/12\/IMG_8100-C-768x1024.jpg 768w, https:\/\/alexmalapeira.cat\/wp-content\/uploads\/2025\/12\/IMG_8100-C-225x300.jpg 225w, https:\/\/alexmalapeira.cat\/wp-content\/uploads\/2025\/12\/IMG_8100-C-1152x1536.jpg 1152w, https:\/\/alexmalapeira.cat\/wp-content\/uploads\/2025\/12\/IMG_8100-C-1536x2048.jpg 1536w, https:\/\/alexmalapeira.cat\/wp-content\/uploads\/2025\/12\/IMG_8100-C.jpg 1600w\" sizes=\"(max-width: 768px) 100vw, 768px\" \/>\t\t\t\t\t\t\t\t\t\t\t\t\t\t\t<\/div>\n\t\t\t\t<div class=\"elementor-element elementor-element-b271814 elementor-widget elementor-widget-text-editor\" data-id=\"b271814\" data-element_type=\"widget\" data-e-type=\"widget\" data-widget_type=\"text-editor.default\">\n\t\t\t\t\t\t\t\t\t<p class=\"p1\">2019 &#8211; Laboratorio Bacteralia, Barcelona.<\/p>\t\t\t\t\t\t\t\t<\/div>\n\t\t\t\t<\/div>\n\t\t\t\t<\/div>\n\t\t\t\t<\/div>\n\t\t","protected":false},"excerpt":{"rendered":"<p>2022 &#8211; Casa en La Floresta, Sant Cugat del Vall\u00e8s, Barcelona. 2023 &#8211; Reforma de un apartamento en la C\/Arag\u00f3, Barcelona. 2022 &#8211; Proyecto. Edificio de apartamentos en R\u00e1fales, Teruel. 2021 &#8211; Reforma de un apartamento en Sant Cugat del Vall\u00e8s, Barcelona. 2024 &#8211; Reforma de una vivienda en Sant Andreu, Barcelona. 2023 &#8211; Proyecto [&hellip;]<\/p>\n","protected":false},"author":3,"featured_media":0,"parent":0,"menu_order":0,"comment_status":"closed","ping_status":"closed","template":"elementor_header_footer","meta":{"footnotes":""},"class_list":["post-94","page","type-page","status-publish","hentry","entry"],"_hostinger_reach_plugin_has_subscription_block":false,"_hostinger_reach_plugin_is_elementor":false,"_links":{"self":[{"href":"https:\/\/alexmalapeira.cat\/es\/wp-json\/wp\/v2\/pages\/94","targetHints":{"allow":["GET"]}}],"collection":[{"href":"https:\/\/alexmalapeira.cat\/es\/wp-json\/wp\/v2\/pages"}],"about":[{"href":"https:\/\/alexmalapeira.cat\/es\/wp-json\/wp\/v2\/types\/page"}],"author":[{"embeddable":true,"href":"https:\/\/alexmalapeira.cat\/es\/wp-json\/wp\/v2\/users\/3"}],"replies":[{"embeddable":true,"href":"https:\/\/alexmalapeira.cat\/es\/wp-json\/wp\/v2\/comments?post=94"}],"version-history":[{"count":2,"href":"https:\/\/alexmalapeira.cat\/es\/wp-json\/wp\/v2\/pages\/94\/revisions"}],"predecessor-version":[{"id":125,"href":"https:\/\/alexmalapeira.cat\/es\/wp-json\/wp\/v2\/pages\/94\/revisions\/125"}],"wp:attachment":[{"href":"https:\/\/alexmalapeira.cat\/es\/wp-json\/wp\/v2\/media?parent=94"}],"curies":[{"name":"wp","href":"https:\/\/api.w.org\/{rel}","templated":true}]}}